{"id":16,"date":"2021-08-02T12:01:16","date_gmt":"2021-08-02T12:01:16","guid":{"rendered":"https:\/\/annour.ch\/?page_id=16"},"modified":"2022-03-05T23:07:10","modified_gmt":"2022-03-05T23:07:10","slug":"a-propos-mosquee-de-sion-mosquee-annour-centre-annour-ecole-arabe-sion-mosquee-valais-mosquee-sion-suisse-prieres-sion-valais","status":"publish","type":"page","link":"https:\/\/annour.ch\/ar\/a-propos-mosquee-de-sion-mosquee-annour-centre-annour-ecole-arabe-sion-mosquee-valais-mosquee-sion-suisse-prieres-sion-valais\/","title":{"rendered":"\u062a\u0639\u0631\u0641 \u0639\u0644\u064a\u0646\u0627"},"content":{"rendered":"<p><\/p>\n\n\n<p><\/p>\n\n\n<p><\/p>\n<figure><img fetchpriority=\"high\" decoding=\"async\" src=\"https:\/\/annour.ch\/wp-content\/uploads\/2021\/08\/Wakf2-1-1024x1024.png\" alt=\"\" width=\"512\" height=\"512\"><\/figure>\n<p><\/p>\n\n\n<p><\/p>\n\n\n\n<p><\/p>\n\n\n<p>\u00a0<\/p>\n<p>Sous le nom de <strong>Centre Annour <\/strong>il est cr\u00e9\u00e9 une Association \u00e0 but non lucratif en faveur de l\u2019int\u00e9r\u00eat g\u00e9n\u00e9ral r\u00e9gie par les articles 60 et suivants du Code civil suisse.\u00a0<\/p>\n<p>\u062a\u0623\u0633\u0633 \u0645\u0631\u0643\u0632 \u0623\u0646\u0648\u0631 \u0641\u064a \u0639\u0627\u0645 2018 \u060c \u0648\u0645\u0642\u0631\u0647 \u0641\u064a \u0645\u062f\u064a\u0646\u0629 \u0633\u064a\u0648\u0646 \u060c \u0643\u062c\u0645\u0639\u064a\u0629 \u0627\u062c\u062a\u0645\u0627\u0639\u064a\u0629 \u0648\u062b\u0642\u0627\u0641\u064a\u0629 \u0648\u0631\u064a\u0627\u0636\u064a\u0629.<\/p>\n<p>L\u2019Association a pour but de bienfaisance, d\u2019assistance, d&rsquo;\u00e9ducation et culturels par des activit\u00e9s qui permettent de :<\/p>\n<p>\u00a0<\/p>\n<ul>\n<li>R\u00e9unir et aider le comit\u00e9 musulman ou arabophone et toutes autres personnes du canton du valais qui souhaitent int\u00e9grer l\u2019association.<\/li>\n<li>Aider la population musulmane et arabophone ou toutes autres personnes du canton du valais \u00e0 l\u2019int\u00e9gration culturelle en Suisse<\/li>\n<li>Apprendre la langue arabe aux enfants et aux adultes<\/li>\n<li>Satisfaire les besoins religieux, culturels de la population musulmane et arabophone dans le respect des lois suisses<\/li>\n<li>Offrir des activit\u00e9s sportives et socioculturelles\u00a0<\/li>\n<li>Offrir un lieu de pri\u00e8re et de r\u00e9f\u00e9rence (biblioth\u00e8que)<\/li>\n<\/ul>\n<p>\u00a0<\/p>","protected":false},"excerpt":{"rendered":"<p>\u00a0 Sous le nom de Centre Annour il est cr\u00e9\u00e9 une Association \u00e0 but non lucratif en faveur de l\u2019int\u00e9r\u00eat g\u00e9n\u00e9ral r\u00e9gie par les articles 60 et suivants du Code civil suisse.\u00a0 Centre Annour a \u00e9t\u00e9 constitu\u00e9 en 2018, avec son si\u00e8ge dans la ville de Sion, comme une association socioculturelle et sportive. L\u2019Association a [&hellip;]<\/p>\n","protected":false},"author":1,"featured_media":0,"parent":0,"menu_order":0,"comment_status":"closed","ping_status":"closed","template":"","meta":{"give_campaign_id":0,"_monsterinsights_skip_tracking":false,"_monsterinsights_sitenote_active":false,"_monsterinsights_sitenote_note":"","_monsterinsights_sitenote_category":0,"footnotes":""},"class_list":["post-16","page","type-page","status-publish","hentry"],"yoast_head":"<!-- This site is optimized with the Yoast SEO plugin v27.4 - https:\/\/yoast.com\/product\/yoast-seo-wordpress\/ -->\n<title>A propos - Mosqu\u00e9e Annour Mosqu\u00e9e de Sion, Mosqu\u00e9e Annour, Centre Annour, \u00e9cole arabe Sion, mosqu\u00e9e valais, Mosqu\u00e9e Sion Suisse, Pri\u00e8res Sion valais,<\/title>\n<meta name=\"description\" content=\"Sous le nom de &quot;Annour&quot;, il est cr\u00e9\u00e9 une Association\/Wakf \u00e0 but non lucratif, conform\u00e9ment aux articles 60 et suivants du Code civil suisse.Mosqu\u00e9e de Sion, Mosqu\u00e9e Annour, Centre Annour, \u00e9cole arabe Sion, mosqu\u00e9e valais, Mosqu\u00e9e Sion Suisse, Pri\u00e8res Sion valais,\" \/>\n<meta name=\"robots\" content=\"index, follow, max-snippet:-1, max-image-preview:large, max-video-preview:-1\" \/>\n<link rel=\"canonical\" href=\"https:\/\/annour.ch\/ar\/a-propos-mosquee-de-sion-mosquee-annour-centre-annour-ecole-arabe-sion-mosquee-valais-mosquee-sion-suisse-prieres-sion-valais\/\" \/>\n<meta property=\"og:locale\" content=\"ar_AR\" \/>\n<meta property=\"og:type\" content=\"article\" \/>\n<meta property=\"og:title\" content=\"A propos - Mosqu\u00e9e Annour Mosqu\u00e9e de Sion, Mosqu\u00e9e Annour, Centre Annour, \u00e9cole arabe Sion, mosqu\u00e9e valais, Mosqu\u00e9e Sion Suisse, Pri\u00e8res Sion valais,\" \/>\n<meta property=\"og:description\" content=\"Sous le nom de &quot;Annour&quot;, il est cr\u00e9\u00e9 une Association\/Wakf \u00e0 but non lucratif, conform\u00e9ment aux articles 60 et suivants du Code civil suisse.Mosqu\u00e9e de Sion, Mosqu\u00e9e Annour, Centre Annour, \u00e9cole arabe Sion, mosqu\u00e9e valais, Mosqu\u00e9e Sion Suisse, Pri\u00e8res Sion valais,\" \/>\n<meta property=\"og:url\" content=\"https:\/\/annour.ch\/ar\/a-propos-mosquee-de-sion-mosquee-annour-centre-annour-ecole-arabe-sion-mosquee-valais-mosquee-sion-suisse-prieres-sion-valais\/\" \/>\n<meta property=\"og:site_name\" content=\"Mosqu\u00e9e Annour\" \/>\n<meta property=\"article:modified_time\" content=\"2022-03-05T23:07:10+00:00\" \/>\n<meta property=\"og:image\" content=\"https:\/\/annour.ch\/wp-content\/uploads\/2021\/08\/Wakf2-1-1024x1024.png\" \/>\n<meta name=\"twitter:card\" content=\"summary_large_image\" \/>\n<meta name=\"twitter:label1\" content=\"\u0648\u0642\u062a \u0627\u0644\u0642\u0631\u0627\u0621\u0629 \u0627\u0644\u0645\u064f\u0642\u062f\u0651\u0631\" \/>\n\t<meta name=\"twitter:data1\" content=\"\u062f\u0642\u064a\u0642\u0629 \u0648\u0627\u062d\u062f\u0629\" \/>\n<script type=\"application\/ld+json\" class=\"yoast-schema-graph\">{\"@context\":\"https:\\\/\\\/schema.org\",\"@graph\":[{\"@type\":\"WebPage\",\"@id\":\"https:\\\/\\\/annour.ch\\\/a-propos-mosquee-de-sion-mosquee-annour-centre-annour-ecole-arabe-sion-mosquee-valais-mosquee-sion-suisse-prieres-sion-valais\\\/\",\"url\":\"https:\\\/\\\/annour.ch\\\/a-propos-mosquee-de-sion-mosquee-annour-centre-annour-ecole-arabe-sion-mosquee-valais-mosquee-sion-suisse-prieres-sion-valais\\\/\",\"name\":\"A propos - Mosqu\u00e9e Annour Mosqu\u00e9e de Sion, Mosqu\u00e9e Annour, Centre Annour, \u00e9cole arabe Sion, mosqu\u00e9e valais, Mosqu\u00e9e Sion Suisse, Pri\u00e8res Sion valais,\",\"isPartOf\":{\"@id\":\"https:\\\/\\\/annour.ch\\\/#website\"},\"primaryImageOfPage\":{\"@id\":\"https:\\\/\\\/annour.ch\\\/a-propos-mosquee-de-sion-mosquee-annour-centre-annour-ecole-arabe-sion-mosquee-valais-mosquee-sion-suisse-prieres-sion-valais\\\/#primaryimage\"},\"image\":{\"@id\":\"https:\\\/\\\/annour.ch\\\/a-propos-mosquee-de-sion-mosquee-annour-centre-annour-ecole-arabe-sion-mosquee-valais-mosquee-sion-suisse-prieres-sion-valais\\\/#primaryimage\"},\"thumbnailUrl\":\"https:\\\/\\\/annour.ch\\\/wp-content\\\/uploads\\\/2021\\\/08\\\/Wakf2-1-1024x1024.png\",\"datePublished\":\"2021-08-02T12:01:16+00:00\",\"dateModified\":\"2022-03-05T23:07:10+00:00\",\"description\":\"Sous le nom de \\\"Annour\\\", il est cr\u00e9\u00e9 une Association\\\/Wakf \u00e0 but non lucratif, conform\u00e9ment aux articles 60 et suivants du Code civil suisse.Mosqu\u00e9e de Sion, Mosqu\u00e9e Annour, Centre Annour, \u00e9cole arabe Sion, mosqu\u00e9e valais, Mosqu\u00e9e Sion Suisse, Pri\u00e8res Sion valais,\",\"breadcrumb\":{\"@id\":\"https:\\\/\\\/annour.ch\\\/a-propos-mosquee-de-sion-mosquee-annour-centre-annour-ecole-arabe-sion-mosquee-valais-mosquee-sion-suisse-prieres-sion-valais\\\/#breadcrumb\"},\"inLanguage\":\"ar\",\"potentialAction\":[{\"@type\":\"ReadAction\",\"target\":[\"https:\\\/\\\/annour.ch\\\/a-propos-mosquee-de-sion-mosquee-annour-centre-annour-ecole-arabe-sion-mosquee-valais-mosquee-sion-suisse-prieres-sion-valais\\\/\"]}]},{\"@type\":\"ImageObject\",\"inLanguage\":\"ar\",\"@id\":\"https:\\\/\\\/annour.ch\\\/a-propos-mosquee-de-sion-mosquee-annour-centre-annour-ecole-arabe-sion-mosquee-valais-mosquee-sion-suisse-prieres-sion-valais\\\/#primaryimage\",\"url\":\"https:\\\/\\\/annour.ch\\\/wp-content\\\/uploads\\\/2021\\\/08\\\/Wakf2-1-1024x1024.png\",\"contentUrl\":\"https:\\\/\\\/annour.ch\\\/wp-content\\\/uploads\\\/2021\\\/08\\\/Wakf2-1-1024x1024.png\"},{\"@type\":\"BreadcrumbList\",\"@id\":\"https:\\\/\\\/annour.ch\\\/a-propos-mosquee-de-sion-mosquee-annour-centre-annour-ecole-arabe-sion-mosquee-valais-mosquee-sion-suisse-prieres-sion-valais\\\/#breadcrumb\",\"itemListElement\":[{\"@type\":\"ListItem\",\"position\":1,\"name\":\"Accueil\",\"item\":\"https:\\\/\\\/annour.ch\\\/\"},{\"@type\":\"ListItem\",\"position\":2,\"name\":\"Mosqu\u00e9e de Sion, Mosqu\u00e9e Annour, Centre Annour, \u00e9cole arabe Sion, mosqu\u00e9e valais, Mosqu\u00e9e Sion Suisse, Pri\u00e8res Sion valais,\"}]},{\"@type\":\"WebSite\",\"@id\":\"https:\\\/\\\/annour.ch\\\/#website\",\"url\":\"https:\\\/\\\/annour.ch\\\/\",\"name\":\"Mosqu\u00e9e Annour\",\"description\":\"\u0645\u0633\u062c\u062f \u0627\u0644\u0646\u0648\u0631\",\"publisher\":{\"@id\":\"https:\\\/\\\/annour.ch\\\/#organization\"},\"potentialAction\":[{\"@type\":\"SearchAction\",\"target\":{\"@type\":\"EntryPoint\",\"urlTemplate\":\"https:\\\/\\\/annour.ch\\\/?s={search_term_string}\"},\"query-input\":{\"@type\":\"PropertyValueSpecification\",\"valueRequired\":true,\"valueName\":\"search_term_string\"}}],\"inLanguage\":\"ar\"},{\"@type\":\"Organization\",\"@id\":\"https:\\\/\\\/annour.ch\\\/#organization\",\"name\":\"Centre Annour Sion- Mosqu\u00e9e Annour- Association Annour Sion\",\"url\":\"https:\\\/\\\/annour.ch\\\/\",\"logo\":{\"@type\":\"ImageObject\",\"inLanguage\":\"ar\",\"@id\":\"https:\\\/\\\/annour.ch\\\/#\\\/schema\\\/logo\\\/image\\\/\",\"url\":\"https:\\\/\\\/annour.ch\\\/wp-content\\\/uploads\\\/2021\\\/08\\\/Logo-Plus.png\",\"contentUrl\":\"https:\\\/\\\/annour.ch\\\/wp-content\\\/uploads\\\/2021\\\/08\\\/Logo-Plus.png\",\"width\":250,\"height\":250,\"caption\":\"Centre Annour Sion- Mosqu\u00e9e Annour- Association Annour Sion\"},\"image\":{\"@id\":\"https:\\\/\\\/annour.ch\\\/#\\\/schema\\\/logo\\\/image\\\/\"}}]}<\/script>\n<!-- \/ Yoast SEO plugin. -->","yoast_head_json":{"title":"A propos - Mosqu\u00e9e Annour Mosqu\u00e9e de Sion, Mosqu\u00e9e Annour, Centre Annour, \u00e9cole arabe Sion, mosqu\u00e9e valais, Mosqu\u00e9e Sion Suisse, Pri\u00e8res Sion valais,","description":"Sous le nom de \"Annour\", il est cr\u00e9\u00e9 une Association\/Wakf \u00e0 but non lucratif, conform\u00e9ment aux articles 60 et suivants du Code civil suisse.Mosqu\u00e9e de Sion, Mosqu\u00e9e Annour, Centre Annour, \u00e9cole arabe Sion, mosqu\u00e9e valais, Mosqu\u00e9e Sion Suisse, Pri\u00e8res Sion valais,","robots":{"index":"index","follow":"follow","max-snippet":"max-snippet:-1","max-image-preview":"max-image-preview:large","max-video-preview":"max-video-preview:-1"},"canonical":"https:\/\/annour.ch\/ar\/a-propos-mosquee-de-sion-mosquee-annour-centre-annour-ecole-arabe-sion-mosquee-valais-mosquee-sion-suisse-prieres-sion-valais\/","og_locale":"ar_AR","og_type":"article","og_title":"A propos - Mosqu\u00e9e Annour Mosqu\u00e9e de Sion, Mosqu\u00e9e Annour, Centre Annour, \u00e9cole arabe Sion, mosqu\u00e9e valais, Mosqu\u00e9e Sion Suisse, Pri\u00e8res Sion valais,","og_description":"Sous le nom de \"Annour\", il est cr\u00e9\u00e9 une Association\/Wakf \u00e0 but non lucratif, conform\u00e9ment aux articles 60 et suivants du Code civil suisse.Mosqu\u00e9e de Sion, Mosqu\u00e9e Annour, Centre Annour, \u00e9cole arabe Sion, mosqu\u00e9e valais, Mosqu\u00e9e Sion Suisse, Pri\u00e8res Sion valais,","og_url":"https:\/\/annour.ch\/ar\/a-propos-mosquee-de-sion-mosquee-annour-centre-annour-ecole-arabe-sion-mosquee-valais-mosquee-sion-suisse-prieres-sion-valais\/","og_site_name":"Mosqu\u00e9e Annour","article_modified_time":"2022-03-05T23:07:10+00:00","og_image":[{"url":"https:\/\/annour.ch\/wp-content\/uploads\/2021\/08\/Wakf2-1-1024x1024.png","type":"","width":"","height":""}],"twitter_card":"summary_large_image","twitter_misc":{"\u0648\u0642\u062a \u0627\u0644\u0642\u0631\u0627\u0621\u0629 \u0627\u0644\u0645\u064f\u0642\u062f\u0651\u0631":"\u062f\u0642\u064a\u0642\u0629 \u0648\u0627\u062d\u062f\u0629"},"schema":{"@context":"https:\/\/schema.org","@graph":[{"@type":"WebPage","@id":"https:\/\/annour.ch\/a-propos-mosquee-de-sion-mosquee-annour-centre-annour-ecole-arabe-sion-mosquee-valais-mosquee-sion-suisse-prieres-sion-valais\/","url":"https:\/\/annour.ch\/a-propos-mosquee-de-sion-mosquee-annour-centre-annour-ecole-arabe-sion-mosquee-valais-mosquee-sion-suisse-prieres-sion-valais\/","name":"A propos - Mosqu\u00e9e Annour Mosqu\u00e9e de Sion, Mosqu\u00e9e Annour, Centre Annour, \u00e9cole arabe Sion, mosqu\u00e9e valais, Mosqu\u00e9e Sion Suisse, Pri\u00e8res Sion valais,","isPartOf":{"@id":"https:\/\/annour.ch\/#website"},"primaryImageOfPage":{"@id":"https:\/\/annour.ch\/a-propos-mosquee-de-sion-mosquee-annour-centre-annour-ecole-arabe-sion-mosquee-valais-mosquee-sion-suisse-prieres-sion-valais\/#primaryimage"},"image":{"@id":"https:\/\/annour.ch\/a-propos-mosquee-de-sion-mosquee-annour-centre-annour-ecole-arabe-sion-mosquee-valais-mosquee-sion-suisse-prieres-sion-valais\/#primaryimage"},"thumbnailUrl":"https:\/\/annour.ch\/wp-content\/uploads\/2021\/08\/Wakf2-1-1024x1024.png","datePublished":"2021-08-02T12:01:16+00:00","dateModified":"2022-03-05T23:07:10+00:00","description":"Sous le nom de \"Annour\", il est cr\u00e9\u00e9 une Association\/Wakf \u00e0 but non lucratif, conform\u00e9ment aux articles 60 et suivants du Code civil suisse.Mosqu\u00e9e de Sion, Mosqu\u00e9e Annour, Centre Annour, \u00e9cole arabe Sion, mosqu\u00e9e valais, Mosqu\u00e9e Sion Suisse, Pri\u00e8res Sion valais,","breadcrumb":{"@id":"https:\/\/annour.ch\/a-propos-mosquee-de-sion-mosquee-annour-centre-annour-ecole-arabe-sion-mosquee-valais-mosquee-sion-suisse-prieres-sion-valais\/#breadcrumb"},"inLanguage":"ar","potentialAction":[{"@type":"ReadAction","target":["https:\/\/annour.ch\/a-propos-mosquee-de-sion-mosquee-annour-centre-annour-ecole-arabe-sion-mosquee-valais-mosquee-sion-suisse-prieres-sion-valais\/"]}]},{"@type":"ImageObject","inLanguage":"ar","@id":"https:\/\/annour.ch\/a-propos-mosquee-de-sion-mosquee-annour-centre-annour-ecole-arabe-sion-mosquee-valais-mosquee-sion-suisse-prieres-sion-valais\/#primaryimage","url":"https:\/\/annour.ch\/wp-content\/uploads\/2021\/08\/Wakf2-1-1024x1024.png","contentUrl":"https:\/\/annour.ch\/wp-content\/uploads\/2021\/08\/Wakf2-1-1024x1024.png"},{"@type":"BreadcrumbList","@id":"https:\/\/annour.ch\/a-propos-mosquee-de-sion-mosquee-annour-centre-annour-ecole-arabe-sion-mosquee-valais-mosquee-sion-suisse-prieres-sion-valais\/#breadcrumb","itemListElement":[{"@type":"ListItem","position":1,"name":"Accueil","item":"https:\/\/annour.ch\/"},{"@type":"ListItem","position":2,"name":"Mosqu\u00e9e de Sion, Mosqu\u00e9e Annour, Centre Annour, \u00e9cole arabe Sion, mosqu\u00e9e valais, Mosqu\u00e9e Sion Suisse, Pri\u00e8res Sion valais,"}]},{"@type":"WebSite","@id":"https:\/\/annour.ch\/#website","url":"https:\/\/annour.ch\/","name":"\u0645\u0633\u062c\u062f \u0627\u0644\u0646\u0648\u0631","description":"\u0645\u0633\u062c\u062f \u0627\u0644\u0646\u0648\u0631","publisher":{"@id":"https:\/\/annour.ch\/#organization"},"potentialAction":[{"@type":"SearchAction","target":{"@type":"EntryPoint","urlTemplate":"https:\/\/annour.ch\/?s={search_term_string}"},"query-input":{"@type":"PropertyValueSpecification","valueRequired":true,"valueName":"search_term_string"}}],"inLanguage":"ar"},{"@type":"Organization","@id":"https:\/\/annour.ch\/#organization","name":"Centre Annour Sion- Mosqu\u00e9e Annour- Association Annour Sion","url":"https:\/\/annour.ch\/","logo":{"@type":"ImageObject","inLanguage":"ar","@id":"https:\/\/annour.ch\/#\/schema\/logo\/image\/","url":"https:\/\/annour.ch\/wp-content\/uploads\/2021\/08\/Logo-Plus.png","contentUrl":"https:\/\/annour.ch\/wp-content\/uploads\/2021\/08\/Logo-Plus.png","width":250,"height":250,"caption":"Centre Annour Sion- Mosqu\u00e9e Annour- Association Annour Sion"},"image":{"@id":"https:\/\/annour.ch\/#\/schema\/logo\/image\/"}}]}},"campaignId":"","_links":{"self":[{"href":"https:\/\/annour.ch\/ar\/wp-json\/wp\/v2\/pages\/16","targetHints":{"allow":["GET"]}}],"collection":[{"href":"https:\/\/annour.ch\/ar\/wp-json\/wp\/v2\/pages"}],"about":[{"href":"https:\/\/annour.ch\/ar\/wp-json\/wp\/v2\/types\/page"}],"author":[{"embeddable":true,"href":"https:\/\/annour.ch\/ar\/wp-json\/wp\/v2\/users\/1"}],"replies":[{"embeddable":true,"href":"https:\/\/annour.ch\/ar\/wp-json\/wp\/v2\/comments?post=16"}],"version-history":[{"count":22,"href":"https:\/\/annour.ch\/ar\/wp-json\/wp\/v2\/pages\/16\/revisions"}],"predecessor-version":[{"id":229,"href":"https:\/\/annour.ch\/ar\/wp-json\/wp\/v2\/pages\/16\/revisions\/229"}],"wp:attachment":[{"href":"https:\/\/annour.ch\/ar\/wp-json\/wp\/v2\/media?parent=16"}],"curies":[{"name":"wp","href":"https:\/\/api.w.org\/{rel}","templated":true}]}}