{"id":268,"date":"2025-04-02T22:17:05","date_gmt":"2025-04-02T22:17:05","guid":{"rendered":"https:\/\/annour.ch\/?page_id=268"},"modified":"2025-04-02T22:56:05","modified_gmt":"2025-04-02T22:56:05","slug":"projet","status":"publish","type":"page","link":"https:\/\/annour.ch\/ar\/projet\/","title":{"rendered":"projet"},"content":{"rendered":"<div data-elementor-type=\"wp-page\" data-elementor-id=\"268\" class=\"elementor elementor-268\">\n\t\t\t\t\t\t<section class=\"elementor-section elementor-top-section elementor-element elementor-element-f26cd48 elementor-section-boxed elementor-section-height-default elementor-section-height-default\" data-id=\"f26cd48\" data-element_type=\"section\" data-e-type=\"section\">\n\t\t\t\t\t\t<div class=\"elementor-container elementor-column-gap-default\">\n\t\t\t\t\t<div class=\"elementor-column elementor-col-100 elementor-top-column elementor-element elementor-element-6b9f9615\" data-id=\"6b9f9615\" data-element_type=\"column\" data-e-type=\"column\">\n\t\t\t<div class=\"elementor-widget-wrap elementor-element-populated\">\n\t\t\t\t\t\t<div class=\"elementor-element elementor-element-22d1fd78 elementor-widget elementor-widget-text-editor\" data-id=\"22d1fd78\" data-element_type=\"widget\" data-e-type=\"widget\" data-widget_type=\"text-editor.default\">\n\t\t\t\t<div class=\"elementor-widget-container\">\n\t\t\t\t\t\t\t\t\t<p><span style=\"color: #000000;\"><\/span><\/p>\n<h2><strong><span style=\"color: #003366;\">Appel aux dons pour l\u2019achat de la Mosqu\u00e9e Annour<\/span><\/strong><\/h2>\n<h2><strong><span style=\"color: #003366;\"><\/span><\/strong><\/h2>\n<h2><strong><span style=\"color: #003366;\">Project de l\u2019achat de mosqu\u00e9e Annour \u2013 \u0645\u0634\u0631\u0648\u0639 \u0634\u0631\u0627\u0621 \u0645\u0633\u062c\u062f \u0627\u0644\u0646\u0648\u0631<\/span><\/strong><\/h2>\n<p><span style=\"color: #003366;\"><\/span><\/p>\n<blockquote class=\"wp-block-quote is-layout-flow wp-block-quote-is-layout-flow\"><span style=\"color: #003366;\"><\/span>\n<p><span style=\"color: #003366;\">Chers membres de la communaut\u00e9,<\/span><br \/><span style=\"color: #003366;\">Assalamu alaykum wa rahmatullahi wa barakatuh,<\/span><br \/><span style=\"color: #003366;\">Nous vous adressons ce message pour vous informer d\u2019une situation urgente concernant notre mosqu\u00e9e. Actuellement, nous louons le local que nous utilisons pour nos pri\u00e8res et activit\u00e9s communautaires. Toutefois, notre contrat de location arrive \u00e0 son terme d\u00e9but 2026, et il nous est d\u00e9sormais imp\u00e9ratif d\u2019acheter un b\u00e2timent pour continuer nos activit\u00e9s.<\/span><br \/><span style=\"color: #003366;\">Si nous ne parvenons pas \u00e0 acqu\u00e9rir un lieu permanent d\u2019ici la fin de ce contrat, nous serons contraints de quitter cet espace, ce qui perturberait grandement nos pri\u00e8res, nos cours d\u2019\u00e9ducation islamique, ainsi que les \u00e9v\u00e9nements sociaux et culturels que nous organisons pour tous les membres de notre communaut\u00e9.<\/span><br \/><span style=\"color: #003366;\">Ainsi, nous faisons appel \u00e0 votre g\u00e9n\u00e9rosit\u00e9 pour nous aider \u00e0 r\u00e9colter les fonds n\u00e9cessaires \u00e0 l\u2019achat de notre futur lieu de culte. Le Proph\u00e8te Muhammad (paix et b\u00e9n\u00e9dictions sur lui) a dit :\u00a0\u00bbCelui qui construit une mosqu\u00e9e pour l\u2019agrandir ou pour l\u2019\u00e9difier, Allah lui construira une maison dans le paradis.\u00a0\u00bb (Sahih al-Bukhari)<\/span><br \/><span style=\"color: #003366;\">Votre contribution financi\u00e8re \u00e0 ce projet est essentielle, car elle nous permettra de s\u00e9curiser notre avenir en tant que communaut\u00e9 et d\u2019assurer la p\u00e9rennit\u00e9 de nos activit\u00e9s. Les dons peuvent \u00eatre effectu\u00e9s de la mani\u00e8re suivante :<\/span><br \/><span style=\"color: #003366;\">TWINT<\/span><\/p>\n<span style=\"color: #003366;\"><\/span>\n<figure class=\"wp-block-image\"><span style=\"color: #003366;\"><img fetchpriority=\"high\" decoding=\"async\" width=\"359\" height=\"395\" class=\"wp-image-254\" src=\"https:\/\/annour.ch\/wp-content\/uploads\/2025\/04\/image.png\" alt=\"\" srcset=\"https:\/\/annour.ch\/wp-content\/uploads\/2025\/04\/image.png 359w, https:\/\/annour.ch\/wp-content\/uploads\/2025\/04\/image-273x300.png 273w, https:\/\/annour.ch\/wp-content\/uploads\/2025\/04\/image-11x12.png 11w\" sizes=\"(max-width: 359px) 100vw, 359px\" \/><\/span><\/figure>\n<span style=\"color: #003366;\"><\/span>\n<p><br \/><span style=\"color: #003366;\">Facture<\/span><\/p>\n<span style=\"color: #003366;\"><\/span>\n<figure class=\"wp-block-image\"><span style=\"color: #003366;\"><img decoding=\"async\" width=\"1024\" height=\"485\" class=\"wp-image-257\" src=\"https:\/\/annour.ch\/wp-content\/uploads\/2025\/04\/image-3-1024x485.png\" alt=\"\" srcset=\"https:\/\/annour.ch\/wp-content\/uploads\/2025\/04\/image-3-1024x485.png 1024w, https:\/\/annour.ch\/wp-content\/uploads\/2025\/04\/image-3-300x142.png 300w, https:\/\/annour.ch\/wp-content\/uploads\/2025\/04\/image-3-768x364.png 768w, https:\/\/annour.ch\/wp-content\/uploads\/2025\/04\/image-3-18x9.png 18w, https:\/\/annour.ch\/wp-content\/uploads\/2025\/04\/image-3.png 1360w\" sizes=\"(max-width: 1024px) 100vw, 1024px\" \/><\/span><\/figure>\n<span style=\"color: #003366;\"><\/span>\n<p><br \/><span style=\"color: #003366;\">Chaque don, petit ou grand, sera une b\u00e9n\u00e9diction pour la mosqu\u00e9e et la communaut\u00e9, et nous comptons sur votre soutien pour r\u00e9aliser ce projet ambitieux. Nous vous remercions chaleureusement pour votre engagement et votre solidarit\u00e9.<\/span><br \/><span style=\"color: #003366;\">Que Dieu vous r\u00e9compense pour votre g\u00e9n\u00e9rosit\u00e9 et vous accorde Sa b\u00e9n\u00e9diction.<\/span><\/p>\n<span style=\"color: #000000;\"><\/span><\/blockquote>\n<p><span style=\"color: #000000;\"><\/span><\/p>\t\t\t\t\t\t\t\t<\/div>\n\t\t\t\t<\/div>\n\t\t\t\t\t<\/div>\n\t\t<\/div>\n\t\t\t\t\t<\/div>\n\t\t<\/section>\n\t\t\t\t<\/div>","protected":false},"excerpt":{"rendered":"","protected":false},"author":1,"featured_media":0,"parent":0,"menu_order":0,"comment_status":"closed","ping_status":"closed","template":"","meta":{"give_campaign_id":0,"_monsterinsights_skip_tracking":false,"_monsterinsights_sitenote_active":false,"_monsterinsights_sitenote_note":"","_monsterinsights_sitenote_category":0,"footnotes":""},"class_list":["post-268","page","type-page","status-publish","hentry"],"yoast_head":"<!-- This site is optimized with the Yoast SEO plugin v27.4 - https:\/\/yoast.com\/product\/yoast-seo-wordpress\/ -->\n<title>projet - Mosqu\u00e9e Annour<\/title>\n<meta name=\"robots\" content=\"index, follow, max-snippet:-1, max-image-preview:large, max-video-preview:-1\" \/>\n<link rel=\"canonical\" href=\"https:\/\/annour.ch\/ar\/projet\/\" \/>\n<meta property=\"og:locale\" content=\"ar_AR\" \/>\n<meta property=\"og:type\" content=\"article\" \/>\n<meta property=\"og:title\" content=\"projet - Mosqu\u00e9e Annour\" \/>\n<meta property=\"og:url\" content=\"https:\/\/annour.ch\/ar\/projet\/\" \/>\n<meta property=\"og:site_name\" content=\"Mosqu\u00e9e Annour\" \/>\n<meta property=\"article:modified_time\" content=\"2025-04-02T22:56:05+00:00\" \/>\n<meta property=\"og:image\" content=\"https:\/\/annour.ch\/wp-content\/uploads\/2025\/04\/image.png\" \/>\n\t<meta property=\"og:image:width\" content=\"359\" \/>\n\t<meta property=\"og:image:height\" content=\"395\" \/>\n\t<meta property=\"og:image:type\" content=\"image\/png\" \/>\n<meta name=\"twitter:card\" content=\"summary_large_image\" \/>\n<meta name=\"twitter:label1\" content=\"\u0648\u0642\u062a \u0627\u0644\u0642\u0631\u0627\u0621\u0629 \u0627\u0644\u0645\u064f\u0642\u062f\u0651\u0631\" \/>\n\t<meta name=\"twitter:data1\" content=\"\u062f\u0642\u064a\u0642\u0629 \u0648\u0627\u062d\u062f\u0629\" \/>\n<script type=\"application\/ld+json\" class=\"yoast-schema-graph\">{\"@context\":\"https:\\\/\\\/schema.org\",\"@graph\":[{\"@type\":\"WebPage\",\"@id\":\"https:\\\/\\\/annour.ch\\\/projet\\\/\",\"url\":\"https:\\\/\\\/annour.ch\\\/projet\\\/\",\"name\":\"projet - Mosqu\u00e9e Annour\",\"isPartOf\":{\"@id\":\"https:\\\/\\\/annour.ch\\\/#website\"},\"primaryImageOfPage\":{\"@id\":\"https:\\\/\\\/annour.ch\\\/projet\\\/#primaryimage\"},\"image\":{\"@id\":\"https:\\\/\\\/annour.ch\\\/projet\\\/#primaryimage\"},\"thumbnailUrl\":\"https:\\\/\\\/annour.ch\\\/wp-content\\\/uploads\\\/2025\\\/04\\\/image.png\",\"datePublished\":\"2025-04-02T22:17:05+00:00\",\"dateModified\":\"2025-04-02T22:56:05+00:00\",\"breadcrumb\":{\"@id\":\"https:\\\/\\\/annour.ch\\\/projet\\\/#breadcrumb\"},\"inLanguage\":\"ar\",\"potentialAction\":[{\"@type\":\"ReadAction\",\"target\":[\"https:\\\/\\\/annour.ch\\\/projet\\\/\"]}]},{\"@type\":\"ImageObject\",\"inLanguage\":\"ar\",\"@id\":\"https:\\\/\\\/annour.ch\\\/projet\\\/#primaryimage\",\"url\":\"https:\\\/\\\/annour.ch\\\/wp-content\\\/uploads\\\/2025\\\/04\\\/image.png\",\"contentUrl\":\"https:\\\/\\\/annour.ch\\\/wp-content\\\/uploads\\\/2025\\\/04\\\/image.png\"},{\"@type\":\"BreadcrumbList\",\"@id\":\"https:\\\/\\\/annour.ch\\\/projet\\\/#breadcrumb\",\"itemListElement\":[{\"@type\":\"ListItem\",\"position\":1,\"name\":\"Accueil\",\"item\":\"https:\\\/\\\/annour.ch\\\/\"},{\"@type\":\"ListItem\",\"position\":2,\"name\":\"projet\"}]},{\"@type\":\"WebSite\",\"@id\":\"https:\\\/\\\/annour.ch\\\/#website\",\"url\":\"https:\\\/\\\/annour.ch\\\/\",\"name\":\"Mosqu\u00e9e Annour\",\"description\":\"\u0645\u0633\u062c\u062f \u0627\u0644\u0646\u0648\u0631\",\"publisher\":{\"@id\":\"https:\\\/\\\/annour.ch\\\/#organization\"},\"potentialAction\":[{\"@type\":\"SearchAction\",\"target\":{\"@type\":\"EntryPoint\",\"urlTemplate\":\"https:\\\/\\\/annour.ch\\\/?s={search_term_string}\"},\"query-input\":{\"@type\":\"PropertyValueSpecification\",\"valueRequired\":true,\"valueName\":\"search_term_string\"}}],\"inLanguage\":\"ar\"},{\"@type\":\"Organization\",\"@id\":\"https:\\\/\\\/annour.ch\\\/#organization\",\"name\":\"Centre Annour Sion- Mosqu\u00e9e Annour- Association Annour Sion\",\"url\":\"https:\\\/\\\/annour.ch\\\/\",\"logo\":{\"@type\":\"ImageObject\",\"inLanguage\":\"ar\",\"@id\":\"https:\\\/\\\/annour.ch\\\/#\\\/schema\\\/logo\\\/image\\\/\",\"url\":\"https:\\\/\\\/annour.ch\\\/wp-content\\\/uploads\\\/2021\\\/08\\\/Logo-Plus.png\",\"contentUrl\":\"https:\\\/\\\/annour.ch\\\/wp-content\\\/uploads\\\/2021\\\/08\\\/Logo-Plus.png\",\"width\":250,\"height\":250,\"caption\":\"Centre Annour Sion- Mosqu\u00e9e Annour- Association Annour Sion\"},\"image\":{\"@id\":\"https:\\\/\\\/annour.ch\\\/#\\\/schema\\\/logo\\\/image\\\/\"}}]}<\/script>\n<!-- \/ Yoast SEO plugin. -->","yoast_head_json":{"title":"projet - Mosqu\u00e9e Annour","robots":{"index":"index","follow":"follow","max-snippet":"max-snippet:-1","max-image-preview":"max-image-preview:large","max-video-preview":"max-video-preview:-1"},"canonical":"https:\/\/annour.ch\/ar\/projet\/","og_locale":"ar_AR","og_type":"article","og_title":"projet - Mosqu\u00e9e Annour","og_url":"https:\/\/annour.ch\/ar\/projet\/","og_site_name":"Mosqu\u00e9e Annour","article_modified_time":"2025-04-02T22:56:05+00:00","og_image":[{"width":359,"height":395,"url":"https:\/\/annour.ch\/wp-content\/uploads\/2025\/04\/image.png","type":"image\/png"}],"twitter_card":"summary_large_image","twitter_misc":{"\u0648\u0642\u062a \u0627\u0644\u0642\u0631\u0627\u0621\u0629 \u0627\u0644\u0645\u064f\u0642\u062f\u0651\u0631":"\u062f\u0642\u064a\u0642\u0629 \u0648\u0627\u062d\u062f\u0629"},"schema":{"@context":"https:\/\/schema.org","@graph":[{"@type":"WebPage","@id":"https:\/\/annour.ch\/projet\/","url":"https:\/\/annour.ch\/projet\/","name":"projet - Mosqu\u00e9e Annour","isPartOf":{"@id":"https:\/\/annour.ch\/#website"},"primaryImageOfPage":{"@id":"https:\/\/annour.ch\/projet\/#primaryimage"},"image":{"@id":"https:\/\/annour.ch\/projet\/#primaryimage"},"thumbnailUrl":"https:\/\/annour.ch\/wp-content\/uploads\/2025\/04\/image.png","datePublished":"2025-04-02T22:17:05+00:00","dateModified":"2025-04-02T22:56:05+00:00","breadcrumb":{"@id":"https:\/\/annour.ch\/projet\/#breadcrumb"},"inLanguage":"ar","potentialAction":[{"@type":"ReadAction","target":["https:\/\/annour.ch\/projet\/"]}]},{"@type":"ImageObject","inLanguage":"ar","@id":"https:\/\/annour.ch\/projet\/#primaryimage","url":"https:\/\/annour.ch\/wp-content\/uploads\/2025\/04\/image.png","contentUrl":"https:\/\/annour.ch\/wp-content\/uploads\/2025\/04\/image.png"},{"@type":"BreadcrumbList","@id":"https:\/\/annour.ch\/projet\/#breadcrumb","itemListElement":[{"@type":"ListItem","position":1,"name":"Accueil","item":"https:\/\/annour.ch\/"},{"@type":"ListItem","position":2,"name":"projet"}]},{"@type":"WebSite","@id":"https:\/\/annour.ch\/#website","url":"https:\/\/annour.ch\/","name":"\u0645\u0633\u062c\u062f \u0627\u0644\u0646\u0648\u0631","description":"\u0645\u0633\u062c\u062f \u0627\u0644\u0646\u0648\u0631","publisher":{"@id":"https:\/\/annour.ch\/#organization"},"potentialAction":[{"@type":"SearchAction","target":{"@type":"EntryPoint","urlTemplate":"https:\/\/annour.ch\/?s={search_term_string}"},"query-input":{"@type":"PropertyValueSpecification","valueRequired":true,"valueName":"search_term_string"}}],"inLanguage":"ar"},{"@type":"Organization","@id":"https:\/\/annour.ch\/#organization","name":"Centre Annour Sion- Mosqu\u00e9e Annour- Association Annour Sion","url":"https:\/\/annour.ch\/","logo":{"@type":"ImageObject","inLanguage":"ar","@id":"https:\/\/annour.ch\/#\/schema\/logo\/image\/","url":"https:\/\/annour.ch\/wp-content\/uploads\/2021\/08\/Logo-Plus.png","contentUrl":"https:\/\/annour.ch\/wp-content\/uploads\/2021\/08\/Logo-Plus.png","width":250,"height":250,"caption":"Centre Annour Sion- Mosqu\u00e9e Annour- Association Annour Sion"},"image":{"@id":"https:\/\/annour.ch\/#\/schema\/logo\/image\/"}}]}},"campaignId":"","_links":{"self":[{"href":"https:\/\/annour.ch\/ar\/wp-json\/wp\/v2\/pages\/268","targetHints":{"allow":["GET"]}}],"collection":[{"href":"https:\/\/annour.ch\/ar\/wp-json\/wp\/v2\/pages"}],"about":[{"href":"https:\/\/annour.ch\/ar\/wp-json\/wp\/v2\/types\/page"}],"author":[{"embeddable":true,"href":"https:\/\/annour.ch\/ar\/wp-json\/wp\/v2\/users\/1"}],"replies":[{"embeddable":true,"href":"https:\/\/annour.ch\/ar\/wp-json\/wp\/v2\/comments?post=268"}],"version-history":[{"count":11,"href":"https:\/\/annour.ch\/ar\/wp-json\/wp\/v2\/pages\/268\/revisions"}],"predecessor-version":[{"id":298,"href":"https:\/\/annour.ch\/ar\/wp-json\/wp\/v2\/pages\/268\/revisions\/298"}],"wp:attachment":[{"href":"https:\/\/annour.ch\/ar\/wp-json\/wp\/v2\/media?parent=268"}],"curies":[{"name":"wp","href":"https:\/\/api.w.org\/{rel}","templated":true}]}}