{"id":311,"date":"2025-04-02T23:28:58","date_gmt":"2025-04-02T23:28:58","guid":{"rendered":"https:\/\/annour.ch\/le-don-a-echoue\/"},"modified":"2025-04-02T23:28:58","modified_gmt":"2025-04-02T23:28:58","slug":"le-don-a-echoue","status":"publish","type":"page","link":"https:\/\/annour.ch\/ar\/le-don-a-echoue\/","title":{"rendered":"Le don a \u00e9chou\u00e9"},"content":{"rendered":"<p>Nous sommes d\u00e9sol\u00e9s, mais votre transaction a \u00e9chou\u00e9. Veuillez essayer \u00e0 nouveau ou contacter l\u2019assistance du site.<\/p>","protected":false},"excerpt":{"rendered":"<p>Nous sommes d\u00e9sol\u00e9s, mais votre transaction a \u00e9chou\u00e9. Veuillez essayer \u00e0 nouveau ou contacter l\u2019assistance du site.<\/p>","protected":false},"author":1,"featured_media":0,"parent":0,"menu_order":0,"comment_status":"closed","ping_status":"closed","template":"","meta":{"give_campaign_id":0,"_monsterinsights_skip_tracking":false,"_monsterinsights_sitenote_active":false,"_monsterinsights_sitenote_note":"","_monsterinsights_sitenote_category":0,"footnotes":""},"class_list":["post-311","page","type-page","status-publish","hentry"],"yoast_head":"<!-- This site is optimized with the Yoast SEO plugin v27.5 - https:\/\/yoast.com\/product\/yoast-seo-wordpress\/ -->\n<title>Le don a \u00e9chou\u00e9 - Mosqu\u00e9e Annour<\/title>\n<meta name=\"robots\" content=\"index, follow, max-snippet:-1, max-image-preview:large, max-video-preview:-1\" \/>\n<link rel=\"canonical\" href=\"https:\/\/annour.ch\/ar\/le-don-a-echoue\/\" \/>\n<meta property=\"og:locale\" content=\"ar_AR\" \/>\n<meta property=\"og:type\" content=\"article\" \/>\n<meta property=\"og:title\" content=\"Le don a \u00e9chou\u00e9 - Mosqu\u00e9e Annour\" \/>\n<meta property=\"og:description\" content=\"Nous sommes d\u00e9sol\u00e9s, mais votre transaction a \u00e9chou\u00e9. Veuillez essayer \u00e0 nouveau ou contacter l\u2019assistance du site.\" \/>\n<meta property=\"og:url\" content=\"https:\/\/annour.ch\/ar\/le-don-a-echoue\/\" \/>\n<meta property=\"og:site_name\" content=\"Mosqu\u00e9e Annour\" \/>\n<meta name=\"twitter:card\" content=\"summary_large_image\" \/>\n<script type=\"application\/ld+json\" class=\"yoast-schema-graph\">{\"@context\":\"https:\\\/\\\/schema.org\",\"@graph\":[{\"@type\":\"WebPage\",\"@id\":\"https:\\\/\\\/annour.ch\\\/le-don-a-echoue\\\/\",\"url\":\"https:\\\/\\\/annour.ch\\\/le-don-a-echoue\\\/\",\"name\":\"Le don a \u00e9chou\u00e9 - Mosqu\u00e9e Annour\",\"isPartOf\":{\"@id\":\"https:\\\/\\\/annour.ch\\\/#website\"},\"datePublished\":\"2025-04-02T23:28:58+00:00\",\"breadcrumb\":{\"@id\":\"https:\\\/\\\/annour.ch\\\/le-don-a-echoue\\\/#breadcrumb\"},\"inLanguage\":\"ar\",\"potentialAction\":[{\"@type\":\"ReadAction\",\"target\":[\"https:\\\/\\\/annour.ch\\\/le-don-a-echoue\\\/\"]}]},{\"@type\":\"BreadcrumbList\",\"@id\":\"https:\\\/\\\/annour.ch\\\/le-don-a-echoue\\\/#breadcrumb\",\"itemListElement\":[{\"@type\":\"ListItem\",\"position\":1,\"name\":\"Accueil\",\"item\":\"https:\\\/\\\/annour.ch\\\/\"},{\"@type\":\"ListItem\",\"position\":2,\"name\":\"Le don a \u00e9chou\u00e9\"}]},{\"@type\":\"WebSite\",\"@id\":\"https:\\\/\\\/annour.ch\\\/#website\",\"url\":\"https:\\\/\\\/annour.ch\\\/\",\"name\":\"Mosqu\u00e9e Annour\",\"description\":\"\u0645\u0633\u062c\u062f \u0627\u0644\u0646\u0648\u0631\",\"publisher\":{\"@id\":\"https:\\\/\\\/annour.ch\\\/#organization\"},\"potentialAction\":[{\"@type\":\"SearchAction\",\"target\":{\"@type\":\"EntryPoint\",\"urlTemplate\":\"https:\\\/\\\/annour.ch\\\/?s={search_term_string}\"},\"query-input\":{\"@type\":\"PropertyValueSpecification\",\"valueRequired\":true,\"valueName\":\"search_term_string\"}}],\"inLanguage\":\"ar\"},{\"@type\":\"Organization\",\"@id\":\"https:\\\/\\\/annour.ch\\\/#organization\",\"name\":\"Centre Annour Sion- Mosqu\u00e9e Annour- Association Annour Sion\",\"url\":\"https:\\\/\\\/annour.ch\\\/\",\"logo\":{\"@type\":\"ImageObject\",\"inLanguage\":\"ar\",\"@id\":\"https:\\\/\\\/annour.ch\\\/#\\\/schema\\\/logo\\\/image\\\/\",\"url\":\"https:\\\/\\\/annour.ch\\\/wp-content\\\/uploads\\\/2021\\\/08\\\/Logo-Plus.png\",\"contentUrl\":\"https:\\\/\\\/annour.ch\\\/wp-content\\\/uploads\\\/2021\\\/08\\\/Logo-Plus.png\",\"width\":250,\"height\":250,\"caption\":\"Centre Annour Sion- Mosqu\u00e9e Annour- Association Annour Sion\"},\"image\":{\"@id\":\"https:\\\/\\\/annour.ch\\\/#\\\/schema\\\/logo\\\/image\\\/\"}}]}<\/script>\n<!-- \/ Yoast SEO plugin. -->","yoast_head_json":{"title":"Le don a \u00e9chou\u00e9 - Mosqu\u00e9e Annour","robots":{"index":"index","follow":"follow","max-snippet":"max-snippet:-1","max-image-preview":"max-image-preview:large","max-video-preview":"max-video-preview:-1"},"canonical":"https:\/\/annour.ch\/ar\/le-don-a-echoue\/","og_locale":"ar_AR","og_type":"article","og_title":"Le don a \u00e9chou\u00e9 - Mosqu\u00e9e Annour","og_description":"Nous sommes d\u00e9sol\u00e9s, mais votre transaction a \u00e9chou\u00e9. Veuillez essayer \u00e0 nouveau ou contacter l\u2019assistance du site.","og_url":"https:\/\/annour.ch\/ar\/le-don-a-echoue\/","og_site_name":"Mosqu\u00e9e Annour","twitter_card":"summary_large_image","schema":{"@context":"https:\/\/schema.org","@graph":[{"@type":"WebPage","@id":"https:\/\/annour.ch\/le-don-a-echoue\/","url":"https:\/\/annour.ch\/le-don-a-echoue\/","name":"Le don a \u00e9chou\u00e9 - Mosqu\u00e9e Annour","isPartOf":{"@id":"https:\/\/annour.ch\/#website"},"datePublished":"2025-04-02T23:28:58+00:00","breadcrumb":{"@id":"https:\/\/annour.ch\/le-don-a-echoue\/#breadcrumb"},"inLanguage":"ar","potentialAction":[{"@type":"ReadAction","target":["https:\/\/annour.ch\/le-don-a-echoue\/"]}]},{"@type":"BreadcrumbList","@id":"https:\/\/annour.ch\/le-don-a-echoue\/#breadcrumb","itemListElement":[{"@type":"ListItem","position":1,"name":"Accueil","item":"https:\/\/annour.ch\/"},{"@type":"ListItem","position":2,"name":"Le don a \u00e9chou\u00e9"}]},{"@type":"WebSite","@id":"https:\/\/annour.ch\/#website","url":"https:\/\/annour.ch\/","name":"\u0645\u0633\u062c\u062f \u0627\u0644\u0646\u0648\u0631","description":"\u0645\u0633\u062c\u062f \u0627\u0644\u0646\u0648\u0631","publisher":{"@id":"https:\/\/annour.ch\/#organization"},"potentialAction":[{"@type":"SearchAction","target":{"@type":"EntryPoint","urlTemplate":"https:\/\/annour.ch\/?s={search_term_string}"},"query-input":{"@type":"PropertyValueSpecification","valueRequired":true,"valueName":"search_term_string"}}],"inLanguage":"ar"},{"@type":"Organization","@id":"https:\/\/annour.ch\/#organization","name":"Centre Annour Sion- Mosqu\u00e9e Annour- Association Annour Sion","url":"https:\/\/annour.ch\/","logo":{"@type":"ImageObject","inLanguage":"ar","@id":"https:\/\/annour.ch\/#\/schema\/logo\/image\/","url":"https:\/\/annour.ch\/wp-content\/uploads\/2021\/08\/Logo-Plus.png","contentUrl":"https:\/\/annour.ch\/wp-content\/uploads\/2021\/08\/Logo-Plus.png","width":250,"height":250,"caption":"Centre Annour Sion- Mosqu\u00e9e Annour- Association Annour Sion"},"image":{"@id":"https:\/\/annour.ch\/#\/schema\/logo\/image\/"}}]}},"campaignId":"","_links":{"self":[{"href":"https:\/\/annour.ch\/ar\/wp-json\/wp\/v2\/pages\/311","targetHints":{"allow":["GET"]}}],"collection":[{"href":"https:\/\/annour.ch\/ar\/wp-json\/wp\/v2\/pages"}],"about":[{"href":"https:\/\/annour.ch\/ar\/wp-json\/wp\/v2\/types\/page"}],"author":[{"embeddable":true,"href":"https:\/\/annour.ch\/ar\/wp-json\/wp\/v2\/users\/1"}],"replies":[{"embeddable":true,"href":"https:\/\/annour.ch\/ar\/wp-json\/wp\/v2\/comments?post=311"}],"version-history":[{"count":0,"href":"https:\/\/annour.ch\/ar\/wp-json\/wp\/v2\/pages\/311\/revisions"}],"wp:attachment":[{"href":"https:\/\/annour.ch\/ar\/wp-json\/wp\/v2\/media?parent=311"}],"curies":[{"name":"wp","href":"https:\/\/api.w.org\/{rel}","templated":true}]}}