{"id":319,"date":"2025-04-03T00:05:10","date_gmt":"2025-04-03T00:05:10","guid":{"rendered":"https:\/\/annour.ch\/?page_id=319"},"modified":"2025-04-04T14:08:05","modified_gmt":"2025-04-04T14:08:05","slug":"achat-mosquee-annour-a-sion","status":"publish","type":"page","link":"https:\/\/annour.ch\/ar\/achat-mosquee-annour-a-sion\/","title":{"rendered":"Faire un don pour l&rsquo;achat mosqu\u00e9e Annour \u00e0 Sion"},"content":{"rendered":"<div data-elementor-type=\"wp-page\" data-elementor-id=\"319\" class=\"elementor elementor-319\">\n\t\t\t\t\t\t<section class=\"elementor-section elementor-top-section elementor-element elementor-element-6327b601 elementor-section-boxed elementor-section-height-default elementor-section-height-default\" data-id=\"6327b601\" data-element_type=\"section\" data-e-type=\"section\">\n\t\t\t\t\t\t<div class=\"elementor-container elementor-column-gap-default\">\n\t\t\t\t\t<div class=\"elementor-column elementor-col-100 elementor-top-column elementor-element elementor-element-51a98266\" data-id=\"51a98266\" data-element_type=\"column\" data-e-type=\"column\">\n\t\t\t<div class=\"elementor-widget-wrap elementor-element-populated\">\n\t\t\t\t\t\t<div class=\"elementor-element elementor-element-7e1d160f elementor-widget elementor-widget-text-editor\" data-id=\"7e1d160f\" data-element_type=\"widget\" data-e-type=\"widget\" data-widget_type=\"text-editor.default\">\n\t\t\t\t<div class=\"elementor-widget-container\">\n\t\t\t\t\t\t\t\t\t<p><\/p>\n<p class=\"wp-block-columns is-layout-flex wp-container-core-columns-is-layout-62db62f3 wp-block-columns-is-layout-flex\" style=\"padding-top: 0; padding-bottom: 0;\"><\/p>\n<div class=\"wp-block-column is-vertically-aligned-stretch is-layout-flow wp-block-column-is-layout-flow\" style=\"flex-basis: 60%;\"><\/div>\n<p class=\"wp-block-columns\" style=\"padding-top: 0; padding-bottom: 0;\"><\/p>\n<div class=\"wp-block-column is-vertically-aligned-stretch is-layout-flow wp-block-column-is-layout-flow\">\n<div class=\"wp-block-group is-vertical is-content-justification-stretch is-layout-flex wp-container-core-group-is-layout-628836ec wp-block-group-is-layout-flex\" style=\"min-height: 100%;\">\n<div style=\"--givewp-primary-color: #0b72d9; --givewp-secondary-color: #27ae60;\" class=\"wp-block-givewp-campaign-goal\">\n    <div data-givewp-campaign-goal data-id=\"2\"><\/div>\n<\/div>\n\n<div class=\"wp-block-group wp-container-content-9cfa9a5a is-vertical is-layout-flex wp-container-core-group-is-layout-8cf370e7 wp-block-group-is-layout-flex\">\n<div class=\"givewp-campaign-stats-block wp-block-givewp-campaign-stats-block\">\n    <span>Top Donation<\/span>\n    <strong>\u0662\u0665\u0660\u066b\u0660\u0660\u00a0CHF<\/strong>\n<\/div>\n\n<div class=\"givewp-campaign-stats-block wp-block-givewp-campaign-stats-block\">\n    <span>Average Donation<\/span>\n    <strong>\u0666\u0661\u066b\u0666\u0667\u00a0CHF<\/strong>\n<\/div>\n<\/div>\n\n<div style=\"--givewp-primary-color: #0b72d9;\" class=\"givewp-campaign-donate-button-block wp-block-givewp-campaign-donate-button\">\n    <button type=\"button\" class=\"givewp-donation-form-modal__open\">Donate<\/button><\/div>\n<\/div>\n<\/div>\n<p class=\"wp-block-columns\" style=\"padding-top: 0; padding-bottom: 0;\"><\/p>\n<p><\/p>\n<p style=\"text-align: center;\"><strong><span style=\"color: #000000;\">Le Proph\u00e8te Muhammad (paix et b\u00e9n\u00e9dictions sur lui) a dit :\u00a0\u00bbCelui qui construit une mosqu\u00e9e pour l&rsquo;agrandir ou pour l&rsquo;\u00e9difier, Allah lui construira une maison dans le paradis.\u00a0\u00bb (Sahih al-Bukhari)<\/span><br \/><span style=\"color: #ff0000;\">Appel aux dons pour l&rsquo;achat de la Mosqu\u00e9e Annour<\/span><br \/>Chaque don, petit ou grand, sera une b\u00e9n\u00e9diction pour la mosqu\u00e9e et la communaut\u00e9, et nous comptons sur votre soutien pour r\u00e9aliser ce projet ambitieux. Nous vous remercions chaleureusement pour votre engagement et votre solidarit\u00e9.<br \/><\/strong><\/p>\n<p>\u00a0<\/p>\n<p><div\n    class=\"givewp-campaign-donations-block wp-block-givewp-campaign-donations\"    style=\"--givewp-primary-color: #0b72d9; --givewp-secondary-color: #27ae60;\">\n    <div class=\"givewp-campaign-donations-block__header\">\n        <h2 class=\"givewp-campaign-donations-block__title\">Recent Donations<\/h2>\n            <\/div>\n\n            <div class=\"givewp-campaign-donations-block__empty-state\">\n            <h3 class=\"givewp-campaign-donations-block__empty-title\">\n                Every campaign starts with one donation.            <\/h3>\n            <p class=\"givewp-campaign-donations-block__empty-description\">\n                Be the one to make it happen!            <\/p>\n\n            <div class=\"givewp-campaign-donations-block__empty-icon\">\n                <img decoding=\"async\"\n                    src=\"https:\/\/annour.ch\/wp-content\/plugins\/give\/src\/Campaigns\/Blocks\/CampaignDonations\/resources\/icons\/empty-state.svg\"\n                    alt=\"Empty state icon\"\n                \/>\n            <\/div>\n\n                            <div class=\"givewp-campaign-donations-block__empty-button\">\n                    <button type=\"button\" class=\"givewp-donation-form-modal__open\">Be the first<\/button>                <\/div>\n                    <\/div>\n    <\/div>\n<div\n    class=\"givewp-campaign-donors-block wp-block-givewp-campaign-donors\"    style=\"--givewp-primary-color: #0b72d9; --givewp-secondary-color: #27ae60;\">\n    <div class=\"givewp-campaign-donors-block__header\">\n        <h2 class=\"givewp-campaign-donors-block__title\">Top Donors<\/h2>\n            <\/div>\n\n            <div class=\"givewp-campaign-donors-block__empty-state\">\n            <h3 class=\"givewp-campaign-donors-block__empty-title\">\n                No top donors listed yet.            <\/h3>\n            <p class=\"givewp-campaign-donors-block__empty-description\">\n                Be one of the first to make an impact!            <\/p>\n\n            <div class=\"givewp-campaign-donors-block__empty-icon\">\n                <img decoding=\"async\"\n                    src=\"https:\/\/annour.ch\/wp-content\/plugins\/give\/src\/Campaigns\/Blocks\/CampaignDonors\/resources\/icons\/empty-state.svg\"\n                    alt=\"Empty state icon\"\n                \/>\n            <\/div>\n\n                            <div class=\"givewp-campaign-donors-block__empty-button\">\n                    <button type=\"button\" class=\"givewp-donation-form-modal__open\">Be the first donor<\/button>                <\/div>\n                    <\/div>\n    <\/div>\n<\/p>\t\t\t\t\t\t\t\t<\/div>\n\t\t\t\t<\/div>\n\t\t\t\t\t<\/div>\n\t\t<\/div>\n\t\t\t\t\t<\/div>\n\t\t<\/section>\n\t\t\t\t<\/div>","protected":false},"excerpt":{"rendered":"<p>Le Proph\u00e8te Muhammad (paix et b\u00e9n\u00e9dictions sur lui) a dit :\u00a0\u00bbCelui qui construit une mosqu\u00e9e pour l&rsquo;agrandir ou pour l&rsquo;\u00e9difier, Allah lui construira une maison dans le paradis.\u00a0\u00bb (Sahih al-Bukhari)Appel aux dons pour l&rsquo;achat de la Mosqu\u00e9e AnnourChaque don, petit ou grand, sera une b\u00e9n\u00e9diction pour la mosqu\u00e9e et la communaut\u00e9, et nous comptons sur [&hellip;]<\/p>\n","protected":false},"author":1,"featured_media":0,"parent":0,"menu_order":0,"comment_status":"closed","ping_status":"closed","template":"","meta":{"give_campaign_id":2,"_monsterinsights_skip_tracking":false,"_monsterinsights_sitenote_active":false,"_monsterinsights_sitenote_note":"","_monsterinsights_sitenote_category":0,"footnotes":""},"class_list":["post-319","page","type-page","status-publish","hentry"],"yoast_head":"<!-- This site is optimized with the Yoast SEO plugin v27.4 - https:\/\/yoast.com\/product\/yoast-seo-wordpress\/ -->\n<title>Faire un don pour l&#039;achat mosqu\u00e9e Annour \u00e0 Sion - Mosqu\u00e9e Annour<\/title>\n<meta name=\"robots\" content=\"index, follow, max-snippet:-1, max-image-preview:large, max-video-preview:-1\" \/>\n<link rel=\"canonical\" href=\"https:\/\/annour.ch\/ar\/achat-mosquee-annour-a-sion\/\" \/>\n<meta property=\"og:locale\" content=\"ar_AR\" \/>\n<meta property=\"og:type\" content=\"article\" \/>\n<meta property=\"og:title\" content=\"Faire un don pour l&#039;achat mosqu\u00e9e Annour \u00e0 Sion - Mosqu\u00e9e Annour\" \/>\n<meta property=\"og:description\" content=\"Le Proph\u00e8te Muhammad (paix et b\u00e9n\u00e9dictions sur lui) a dit :\u00a0\u00bbCelui qui construit une mosqu\u00e9e pour l&rsquo;agrandir ou pour l&rsquo;\u00e9difier, Allah lui construira une maison dans le paradis.\u00a0\u00bb (Sahih al-Bukhari)Appel aux dons pour l&rsquo;achat de la Mosqu\u00e9e AnnourChaque don, petit ou grand, sera une b\u00e9n\u00e9diction pour la mosqu\u00e9e et la communaut\u00e9, et nous comptons sur [&hellip;]\" \/>\n<meta property=\"og:url\" content=\"https:\/\/annour.ch\/ar\/achat-mosquee-annour-a-sion\/\" \/>\n<meta property=\"og:site_name\" content=\"Mosqu\u00e9e Annour\" \/>\n<meta property=\"article:modified_time\" content=\"2025-04-04T14:08:05+00:00\" \/>\n<meta name=\"twitter:card\" content=\"summary_large_image\" \/>\n<script type=\"application\/ld+json\" class=\"yoast-schema-graph\">{\"@context\":\"https:\\\/\\\/schema.org\",\"@graph\":[{\"@type\":\"WebPage\",\"@id\":\"https:\\\/\\\/annour.ch\\\/achat-mosquee-annour-a-sion\\\/\",\"url\":\"https:\\\/\\\/annour.ch\\\/achat-mosquee-annour-a-sion\\\/\",\"name\":\"Faire un don pour l'achat mosqu\u00e9e Annour \u00e0 Sion - Mosqu\u00e9e Annour\",\"isPartOf\":{\"@id\":\"https:\\\/\\\/annour.ch\\\/#website\"},\"datePublished\":\"2025-04-03T00:05:10+00:00\",\"dateModified\":\"2025-04-04T14:08:05+00:00\",\"breadcrumb\":{\"@id\":\"https:\\\/\\\/annour.ch\\\/achat-mosquee-annour-a-sion\\\/#breadcrumb\"},\"inLanguage\":\"ar\",\"potentialAction\":[{\"@type\":\"ReadAction\",\"target\":[\"https:\\\/\\\/annour.ch\\\/achat-mosquee-annour-a-sion\\\/\"]}]},{\"@type\":\"BreadcrumbList\",\"@id\":\"https:\\\/\\\/annour.ch\\\/achat-mosquee-annour-a-sion\\\/#breadcrumb\",\"itemListElement\":[{\"@type\":\"ListItem\",\"position\":1,\"name\":\"Accueil\",\"item\":\"https:\\\/\\\/annour.ch\\\/\"},{\"@type\":\"ListItem\",\"position\":2,\"name\":\"Faire un don pour l&rsquo;achat mosqu\u00e9e Annour \u00e0 Sion\"}]},{\"@type\":\"WebSite\",\"@id\":\"https:\\\/\\\/annour.ch\\\/#website\",\"url\":\"https:\\\/\\\/annour.ch\\\/\",\"name\":\"Mosqu\u00e9e Annour\",\"description\":\"\u0645\u0633\u062c\u062f \u0627\u0644\u0646\u0648\u0631\",\"publisher\":{\"@id\":\"https:\\\/\\\/annour.ch\\\/#organization\"},\"potentialAction\":[{\"@type\":\"SearchAction\",\"target\":{\"@type\":\"EntryPoint\",\"urlTemplate\":\"https:\\\/\\\/annour.ch\\\/?s={search_term_string}\"},\"query-input\":{\"@type\":\"PropertyValueSpecification\",\"valueRequired\":true,\"valueName\":\"search_term_string\"}}],\"inLanguage\":\"ar\"},{\"@type\":\"Organization\",\"@id\":\"https:\\\/\\\/annour.ch\\\/#organization\",\"name\":\"Centre Annour Sion- Mosqu\u00e9e Annour- Association Annour Sion\",\"url\":\"https:\\\/\\\/annour.ch\\\/\",\"logo\":{\"@type\":\"ImageObject\",\"inLanguage\":\"ar\",\"@id\":\"https:\\\/\\\/annour.ch\\\/#\\\/schema\\\/logo\\\/image\\\/\",\"url\":\"https:\\\/\\\/annour.ch\\\/wp-content\\\/uploads\\\/2021\\\/08\\\/Logo-Plus.png\",\"contentUrl\":\"https:\\\/\\\/annour.ch\\\/wp-content\\\/uploads\\\/2021\\\/08\\\/Logo-Plus.png\",\"width\":250,\"height\":250,\"caption\":\"Centre Annour Sion- Mosqu\u00e9e Annour- Association Annour Sion\"},\"image\":{\"@id\":\"https:\\\/\\\/annour.ch\\\/#\\\/schema\\\/logo\\\/image\\\/\"}}]}<\/script>\n<!-- \/ Yoast SEO plugin. -->","yoast_head_json":{"title":"Faire un don pour l'achat mosqu\u00e9e Annour \u00e0 Sion - Mosqu\u00e9e Annour","robots":{"index":"index","follow":"follow","max-snippet":"max-snippet:-1","max-image-preview":"max-image-preview:large","max-video-preview":"max-video-preview:-1"},"canonical":"https:\/\/annour.ch\/ar\/achat-mosquee-annour-a-sion\/","og_locale":"ar_AR","og_type":"article","og_title":"Faire un don pour l'achat mosqu\u00e9e Annour \u00e0 Sion - Mosqu\u00e9e Annour","og_description":"Le Proph\u00e8te Muhammad (paix et b\u00e9n\u00e9dictions sur lui) a dit :\u00a0\u00bbCelui qui construit une mosqu\u00e9e pour l&rsquo;agrandir ou pour l&rsquo;\u00e9difier, Allah lui construira une maison dans le paradis.\u00a0\u00bb (Sahih al-Bukhari)Appel aux dons pour l&rsquo;achat de la Mosqu\u00e9e AnnourChaque don, petit ou grand, sera une b\u00e9n\u00e9diction pour la mosqu\u00e9e et la communaut\u00e9, et nous comptons sur [&hellip;]","og_url":"https:\/\/annour.ch\/ar\/achat-mosquee-annour-a-sion\/","og_site_name":"Mosqu\u00e9e Annour","article_modified_time":"2025-04-04T14:08:05+00:00","twitter_card":"summary_large_image","schema":{"@context":"https:\/\/schema.org","@graph":[{"@type":"WebPage","@id":"https:\/\/annour.ch\/achat-mosquee-annour-a-sion\/","url":"https:\/\/annour.ch\/achat-mosquee-annour-a-sion\/","name":"Faire un don pour l'achat mosqu\u00e9e Annour \u00e0 Sion - Mosqu\u00e9e Annour","isPartOf":{"@id":"https:\/\/annour.ch\/#website"},"datePublished":"2025-04-03T00:05:10+00:00","dateModified":"2025-04-04T14:08:05+00:00","breadcrumb":{"@id":"https:\/\/annour.ch\/achat-mosquee-annour-a-sion\/#breadcrumb"},"inLanguage":"ar","potentialAction":[{"@type":"ReadAction","target":["https:\/\/annour.ch\/achat-mosquee-annour-a-sion\/"]}]},{"@type":"BreadcrumbList","@id":"https:\/\/annour.ch\/achat-mosquee-annour-a-sion\/#breadcrumb","itemListElement":[{"@type":"ListItem","position":1,"name":"Accueil","item":"https:\/\/annour.ch\/"},{"@type":"ListItem","position":2,"name":"Faire un don pour l&rsquo;achat mosqu\u00e9e Annour \u00e0 Sion"}]},{"@type":"WebSite","@id":"https:\/\/annour.ch\/#website","url":"https:\/\/annour.ch\/","name":"\u0645\u0633\u062c\u062f \u0627\u0644\u0646\u0648\u0631","description":"\u0645\u0633\u062c\u062f \u0627\u0644\u0646\u0648\u0631","publisher":{"@id":"https:\/\/annour.ch\/#organization"},"potentialAction":[{"@type":"SearchAction","target":{"@type":"EntryPoint","urlTemplate":"https:\/\/annour.ch\/?s={search_term_string}"},"query-input":{"@type":"PropertyValueSpecification","valueRequired":true,"valueName":"search_term_string"}}],"inLanguage":"ar"},{"@type":"Organization","@id":"https:\/\/annour.ch\/#organization","name":"Centre Annour Sion- Mosqu\u00e9e Annour- Association Annour Sion","url":"https:\/\/annour.ch\/","logo":{"@type":"ImageObject","inLanguage":"ar","@id":"https:\/\/annour.ch\/#\/schema\/logo\/image\/","url":"https:\/\/annour.ch\/wp-content\/uploads\/2021\/08\/Logo-Plus.png","contentUrl":"https:\/\/annour.ch\/wp-content\/uploads\/2021\/08\/Logo-Plus.png","width":250,"height":250,"caption":"Centre Annour Sion- Mosqu\u00e9e Annour- Association Annour Sion"},"image":{"@id":"https:\/\/annour.ch\/#\/schema\/logo\/image\/"}}]}},"campaignId":"2","_links":{"self":[{"href":"https:\/\/annour.ch\/ar\/wp-json\/wp\/v2\/pages\/319","targetHints":{"allow":["GET"]}}],"collection":[{"href":"https:\/\/annour.ch\/ar\/wp-json\/wp\/v2\/pages"}],"about":[{"href":"https:\/\/annour.ch\/ar\/wp-json\/wp\/v2\/types\/page"}],"author":[{"embeddable":true,"href":"https:\/\/annour.ch\/ar\/wp-json\/wp\/v2\/users\/1"}],"replies":[{"embeddable":true,"href":"https:\/\/annour.ch\/ar\/wp-json\/wp\/v2\/comments?post=319"}],"version-history":[{"count":16,"href":"https:\/\/annour.ch\/ar\/wp-json\/wp\/v2\/pages\/319\/revisions"}],"predecessor-version":[{"id":355,"href":"https:\/\/annour.ch\/ar\/wp-json\/wp\/v2\/pages\/319\/revisions\/355"}],"wp:attachment":[{"href":"https:\/\/annour.ch\/ar\/wp-json\/wp\/v2\/media?parent=319"}],"curies":[{"name":"wp","href":"https:\/\/api.w.org\/{rel}","templated":true}]}}