{"id":96,"date":"2021-08-03T10:01:04","date_gmt":"2021-08-03T10:01:04","guid":{"rendered":"https:\/\/annour.ch\/?page_id=96"},"modified":"2021-08-04T12:38:37","modified_gmt":"2021-08-04T12:38:37","slug":"inscription-au-cours-arabe-2","status":"publish","type":"page","link":"https:\/\/annour.ch\/ar\/inscription-au-cours-arabe-2\/","title":{"rendered":"\u0627\u0644\u062a\u0633\u062c\u064a\u0644 \u0641\u064a \u062f\u0648\u0631\u0627\u062a \u0627\u0644\u0644\u063a\u0629 \u0627\u0644\u0639\u0631\u0628\u064a\u0629"},"content":{"rendered":"<div data-elementor-type=\"wp-page\" data-elementor-id=\"96\" class=\"elementor elementor-96\">\n\t\t\t\t\t\t<section class=\"elementor-section elementor-top-section elementor-element elementor-element-67902e3c elementor-section-boxed elementor-section-height-default elementor-section-height-default\" data-id=\"67902e3c\" data-element_type=\"section\" data-e-type=\"section\">\n\t\t\t\t\t\t<div class=\"elementor-container elementor-column-gap-default\">\n\t\t\t\t\t<div class=\"elementor-column elementor-col-100 elementor-top-column elementor-element elementor-element-7f74b4f9\" data-id=\"7f74b4f9\" data-element_type=\"column\" data-e-type=\"column\">\n\t\t\t<div class=\"elementor-widget-wrap elementor-element-populated\">\n\t\t\t\t\t\t<div class=\"elementor-element elementor-element-759130b0 elementor-widget elementor-widget-text-editor\" data-id=\"759130b0\" data-element_type=\"widget\" data-e-type=\"widget\" data-widget_type=\"text-editor.default\">\n\t\t\t\t<div class=\"elementor-widget-container\">\n\t\t\t\t\t\t\t\t\t\n<div class=\"forminator-guttenberg\"><div class=\"forminator-ui forminator-custom-form forminator-custom-form-101 forminator-design--default  forminator_ajax\" data-forminator-render=\"0\" data-form=\"forminator-module-101\" data-uid=\"69e4609edccb3\"><br\/><\/div><form\n\t\t\t\tid=\"forminator-module-101\"\n\t\t\t\tclass=\"forminator-ui forminator-custom-form forminator-custom-form-101 forminator-design--default  forminator_ajax\"\n\t\t\t\tmethod=\"post\"\n\t\t\t\tdata-forminator-render=\"0\"\n\t\t\t\tdata-form-id=\"101\"\n\t\t\t\t data-color-option=\"default\" data-design=\"default\" data-grid=\"open\" style=\"display: none;\"\n\t\t\t\tdata-uid=\"69e4609edccb3\" action=\"\"\n\t\t\t><div role=\"alert\" aria-live=\"polite\" class=\"forminator-response-message forminator-error\" aria-hidden=\"true\"><\/div><div class=\"forminator-row\"><div id=\"checkbox-1\" class=\"forminator-field-checkbox forminator-col forminator-col-12\"><div role=\"group\" class=\"forminator-field\" aria-labelledby=\"forminator-checkbox-group-forminator-field-checkbox-1-69e4609edccb3-label\"><span id=\"forminator-checkbox-group-forminator-field-checkbox-1-69e4609edccb3-label\" class=\"forminator-label\">Cases \u00e0 cocher<\/span><label id=\"forminator-field-checkbox-1-1-69e4609edccb3-label\" for=\"forminator-field-checkbox-1-1-69e4609edccb3\" class=\"forminator-checkbox\" title=\"Cours pour enfants\"><input type=\"checkbox\" name=\"checkbox-1[]\" value=\"cours-pour-enfants\" id=\"forminator-field-checkbox-1-1-69e4609edccb3\" aria-labelledby=\"forminator-field-checkbox-1-1-69e4609edccb3-label\" data-calculation=\"0\"  \/><span class=\"forminator-checkbox-box\" aria-hidden=\"true\"><\/span><span class=\"forminator-checkbox-label\">Cours pour enfants<\/span><\/label><label id=\"forminator-field-checkbox-1-2-69e4609edccb3-label\" for=\"forminator-field-checkbox-1-2-69e4609edccb3\" class=\"forminator-checkbox\" title=\"Cours pour Adultes \"><input type=\"checkbox\" name=\"checkbox-1[]\" value=\"cours-pour-adultes\" id=\"forminator-field-checkbox-1-2-69e4609edccb3\" aria-labelledby=\"forminator-field-checkbox-1-2-69e4609edccb3-label\" data-calculation=\"0\"  \/><span class=\"forminator-checkbox-box\" aria-hidden=\"true\"><\/span><span class=\"forminator-checkbox-label\">Cours pour Adultes <\/span><\/label><\/div><\/div><\/div><div class=\"forminator-row\"><div id=\"name-2\" class=\"forminator-field-name forminator-col forminator-col-6\"><div class=\"forminator-field\"><label for=\"forminator-field-name-2_69e4609edccb3\" id=\"forminator-field-name-2_69e4609edccb3-label\" class=\"forminator-label\">Nom<\/label><input type=\"text\" name=\"name-2\" value=\"\" placeholder=\"Exemple: Aziz\" id=\"forminator-field-name-2_69e4609edccb3\" class=\"forminator-input forminator-name--field\" aria-required=\"false\" autocomplete=\"name\" \/><\/div><\/div><div id=\"name-1\" class=\"forminator-field-name forminator-col forminator-col-6\"><div class=\"forminator-field\"><label for=\"forminator-field-name-1_69e4609edccb3\" id=\"forminator-field-name-1_69e4609edccb3-label\" class=\"forminator-label\">Pr\u00e9nom <span class=\"forminator-required\">*<\/span><\/label><input type=\"text\" name=\"name-1\" value=\"\" placeholder=\"Exemple: Abderrahaman \" id=\"forminator-field-name-1_69e4609edccb3\" class=\"forminator-input forminator-name--field\" aria-required=\"true\" autocomplete=\"name\" \/><\/div><\/div><\/div><div class=\"forminator-row\"><div id=\"number-1\" class=\"forminator-field-number forminator-col forminator-col-6\"><div class=\"forminator-field\"><label for=\"forminator-field-number-1_69e4609edccb3\" id=\"forminator-field-number-1_69e4609edccb3-label\" class=\"forminator-label\">Age<\/label><input name=\"number-1\" value=\"\" placeholder=\"Exemple\u00a0: 10\" id=\"forminator-field-number-1_69e4609edccb3\" class=\"forminator-input forminator-number--field\" inputmode=\"decimal\" data-required=\"\" data-decimals=\"0\" aria-required=\"false\" data-inputmask=\"&#039;groupSeparator&#039;: &#039;&#039;, &#039;radixPoint&#039;: &#039;&#039;, &#039;digits&#039;: &#039;0&#039;\" type=\"number\" step=\"any\" min=\"1\" max=\"150\" \/><\/div><\/div><div id=\"phone-1\" class=\"forminator-field-phone forminator-col forminator-col-6\"><div class=\"forminator-field\"><label for=\"forminator-field-phone-1_69e4609edccb3\" id=\"forminator-field-phone-1_69e4609edccb3-label\" class=\"forminator-label\">Num\u00e9ro de t\u00e9l\u00e9phone<\/label><input type=\"text\" name=\"phone-1\" value=\"\" placeholder=\"Exemple: 0792608610\" id=\"forminator-field-phone-1_69e4609edccb3\" class=\"forminator-input forminator-field--phone\" data-required=\"\" aria-required=\"false\" autocomplete=\"off\" \/><\/div><\/div><\/div><div class=\"forminator-row\"><div id=\"textarea-1\" class=\"forminator-field-textarea forminator-col forminator-col-12\"><div class=\"forminator-field\"><label for=\"forminator-field-textarea-1_69e4609edccb3\" id=\"forminator-field-textarea-1_69e4609edccb3-label\" class=\"forminator-label\">Message<\/label><textarea name=\"textarea-1\" placeholder=\"Saisissez votre message\u2026\" id=\"forminator-field-textarea-1_69e4609edccb3\" class=\"forminator-textarea\" rows=\"6\" style=\"min-height:140px;\" maxlength=\"180\" ><\/textarea><span id=\"forminator-field-textarea-1_69e4609edccb3-description\" class=\"forminator-description\"><span data-limit=\"180\" data-type=\"characters\" data-editor=\"\">0 \/ 180<\/span><\/span><\/div><\/div><\/div><input type=\"hidden\" name=\"referer_url\" value=\"\" \/><div class=\"forminator-row forminator-row-last\"><div class=\"forminator-col\"><div class=\"forminator-field\"><button class=\"forminator-button forminator-button-submit\">Envoyer le message<\/button><\/div><\/div><\/div><input type=\"hidden\" id=\"forminator_nonce\" name=\"forminator_nonce\" value=\"fe0a67a493\" \/><input type=\"hidden\" name=\"_wp_http_referer\" value=\"\/ar\/wp-json\/wp\/v2\/pages\/96\" \/><input type=\"hidden\" name=\"form_id\" value=\"101\"><input type=\"hidden\" name=\"page_id\" value=\"96\"><input type=\"hidden\" name=\"form_type\" value=\"default\"><input type=\"hidden\" name=\"current_url\" value=\"https:\/\/annour.ch\/ar\/inscription-au-cours-arabe-2\/\"><input type=\"hidden\" name=\"render_id\" value=\"0\"><input type=\"hidden\" name=\"action\" value=\"forminator_submit_form_custom-forms\"><input type=\"hidden\" name=\"trp-form-language\" value=\"ar\"\/><\/form><\/div>\n\t\t\t\t\t\t\t\t<\/div>\n\t\t\t\t<\/div>\n\t\t\t\t\t<\/div>\n\t\t<\/div>\n\t\t\t\t\t<\/div>\n\t\t<\/section>\n\t\t\t\t<\/div>","protected":false},"excerpt":{"rendered":"","protected":false},"author":1,"featured_media":0,"parent":0,"menu_order":0,"comment_status":"closed","ping_status":"closed","template":"","meta":{"give_campaign_id":0,"_monsterinsights_skip_tracking":false,"_monsterinsights_sitenote_active":false,"_monsterinsights_sitenote_note":"","_monsterinsights_sitenote_category":0,"footnotes":""},"class_list":["post-96","page","type-page","status-publish","hentry"],"yoast_head":"<!-- This site is optimized with the Yoast SEO plugin v27.4 - https:\/\/yoast.com\/product\/yoast-seo-wordpress\/ -->\n<title>Inscription au cours arabe - Mosqu\u00e9e Annour<\/title>\n<meta name=\"robots\" content=\"index, follow, max-snippet:-1, max-image-preview:large, max-video-preview:-1\" \/>\n<link rel=\"canonical\" href=\"https:\/\/annour.ch\/ar\/inscription-au-cours-arabe-2\/\" \/>\n<meta property=\"og:locale\" content=\"ar_AR\" \/>\n<meta property=\"og:type\" content=\"article\" \/>\n<meta property=\"og:title\" content=\"Inscription au cours arabe - Mosqu\u00e9e Annour\" \/>\n<meta property=\"og:url\" content=\"https:\/\/annour.ch\/ar\/inscription-au-cours-arabe-2\/\" \/>\n<meta property=\"og:site_name\" content=\"Mosqu\u00e9e Annour\" \/>\n<meta property=\"article:modified_time\" content=\"2021-08-04T12:38:37+00:00\" \/>\n<meta name=\"twitter:card\" content=\"summary_large_image\" \/>\n<meta name=\"twitter:label1\" content=\"\u0648\u0642\u062a \u0627\u0644\u0642\u0631\u0627\u0621\u0629 \u0627\u0644\u0645\u064f\u0642\u062f\u0651\u0631\" \/>\n\t<meta name=\"twitter:data1\" content=\"\u062f\u0642\u064a\u0642\u0629 \u0648\u0627\u062d\u062f\u0629\" \/>\n<script type=\"application\/ld+json\" class=\"yoast-schema-graph\">{\"@context\":\"https:\\\/\\\/schema.org\",\"@graph\":[{\"@type\":\"WebPage\",\"@id\":\"https:\\\/\\\/annour.ch\\\/ar\\\/inscription-au-cours-arabe-2\\\/\",\"url\":\"https:\\\/\\\/annour.ch\\\/ar\\\/inscription-au-cours-arabe-2\\\/\",\"name\":\"Inscription au cours arabe - Mosqu\u00e9e Annour\",\"isPartOf\":{\"@id\":\"https:\\\/\\\/annour.ch\\\/#website\"},\"datePublished\":\"2021-08-03T10:01:04+00:00\",\"dateModified\":\"2021-08-04T12:38:37+00:00\",\"breadcrumb\":{\"@id\":\"https:\\\/\\\/annour.ch\\\/ar\\\/inscription-au-cours-arabe-2\\\/#breadcrumb\"},\"inLanguage\":\"ar\",\"potentialAction\":[{\"@type\":\"ReadAction\",\"target\":[\"https:\\\/\\\/annour.ch\\\/ar\\\/inscription-au-cours-arabe-2\\\/\"]}]},{\"@type\":\"BreadcrumbList\",\"@id\":\"https:\\\/\\\/annour.ch\\\/ar\\\/inscription-au-cours-arabe-2\\\/#breadcrumb\",\"itemListElement\":[{\"@type\":\"ListItem\",\"position\":1,\"name\":\"Accueil\",\"item\":\"https:\\\/\\\/annour.ch\\\/\"},{\"@type\":\"ListItem\",\"position\":2,\"name\":\"Inscription au cours arabe\"}]},{\"@type\":\"WebSite\",\"@id\":\"https:\\\/\\\/annour.ch\\\/#website\",\"url\":\"https:\\\/\\\/annour.ch\\\/\",\"name\":\"Mosqu\u00e9e Annour\",\"description\":\"\u0645\u0633\u062c\u062f \u0627\u0644\u0646\u0648\u0631\",\"publisher\":{\"@id\":\"https:\\\/\\\/annour.ch\\\/#organization\"},\"potentialAction\":[{\"@type\":\"SearchAction\",\"target\":{\"@type\":\"EntryPoint\",\"urlTemplate\":\"https:\\\/\\\/annour.ch\\\/?s={search_term_string}\"},\"query-input\":{\"@type\":\"PropertyValueSpecification\",\"valueRequired\":true,\"valueName\":\"search_term_string\"}}],\"inLanguage\":\"ar\"},{\"@type\":\"Organization\",\"@id\":\"https:\\\/\\\/annour.ch\\\/#organization\",\"name\":\"Centre Annour Sion- Mosqu\u00e9e Annour- Association Annour Sion\",\"url\":\"https:\\\/\\\/annour.ch\\\/\",\"logo\":{\"@type\":\"ImageObject\",\"inLanguage\":\"ar\",\"@id\":\"https:\\\/\\\/annour.ch\\\/#\\\/schema\\\/logo\\\/image\\\/\",\"url\":\"https:\\\/\\\/annour.ch\\\/wp-content\\\/uploads\\\/2021\\\/08\\\/Logo-Plus.png\",\"contentUrl\":\"https:\\\/\\\/annour.ch\\\/wp-content\\\/uploads\\\/2021\\\/08\\\/Logo-Plus.png\",\"width\":250,\"height\":250,\"caption\":\"Centre Annour Sion- Mosqu\u00e9e Annour- Association Annour Sion\"},\"image\":{\"@id\":\"https:\\\/\\\/annour.ch\\\/#\\\/schema\\\/logo\\\/image\\\/\"}}]}<\/script>\n<!-- \/ Yoast SEO plugin. -->","yoast_head_json":{"title":"Inscription au cours arabe - Mosqu\u00e9e Annour","robots":{"index":"index","follow":"follow","max-snippet":"max-snippet:-1","max-image-preview":"max-image-preview:large","max-video-preview":"max-video-preview:-1"},"canonical":"https:\/\/annour.ch\/ar\/inscription-au-cours-arabe-2\/","og_locale":"ar_AR","og_type":"article","og_title":"Inscription au cours arabe - Mosqu\u00e9e Annour","og_url":"https:\/\/annour.ch\/ar\/inscription-au-cours-arabe-2\/","og_site_name":"Mosqu\u00e9e Annour","article_modified_time":"2021-08-04T12:38:37+00:00","twitter_card":"summary_large_image","twitter_misc":{"\u0648\u0642\u062a \u0627\u0644\u0642\u0631\u0627\u0621\u0629 \u0627\u0644\u0645\u064f\u0642\u062f\u0651\u0631":"\u062f\u0642\u064a\u0642\u0629 \u0648\u0627\u062d\u062f\u0629"},"schema":{"@context":"https:\/\/schema.org","@graph":[{"@type":"WebPage","@id":"https:\/\/annour.ch\/ar\/inscription-au-cours-arabe-2\/","url":"https:\/\/annour.ch\/ar\/inscription-au-cours-arabe-2\/","name":"Inscription au cours arabe - Mosqu\u00e9e Annour","isPartOf":{"@id":"https:\/\/annour.ch\/#website"},"datePublished":"2021-08-03T10:01:04+00:00","dateModified":"2021-08-04T12:38:37+00:00","breadcrumb":{"@id":"https:\/\/annour.ch\/ar\/inscription-au-cours-arabe-2\/#breadcrumb"},"inLanguage":"ar","potentialAction":[{"@type":"ReadAction","target":["https:\/\/annour.ch\/ar\/inscription-au-cours-arabe-2\/"]}]},{"@type":"BreadcrumbList","@id":"https:\/\/annour.ch\/ar\/inscription-au-cours-arabe-2\/#breadcrumb","itemListElement":[{"@type":"ListItem","position":1,"name":"Accueil","item":"https:\/\/annour.ch\/"},{"@type":"ListItem","position":2,"name":"Inscription au cours arabe"}]},{"@type":"WebSite","@id":"https:\/\/annour.ch\/#website","url":"https:\/\/annour.ch\/","name":"\u0645\u0633\u062c\u062f \u0627\u0644\u0646\u0648\u0631","description":"\u0645\u0633\u062c\u062f \u0627\u0644\u0646\u0648\u0631","publisher":{"@id":"https:\/\/annour.ch\/#organization"},"potentialAction":[{"@type":"SearchAction","target":{"@type":"EntryPoint","urlTemplate":"https:\/\/annour.ch\/?s={search_term_string}"},"query-input":{"@type":"PropertyValueSpecification","valueRequired":true,"valueName":"search_term_string"}}],"inLanguage":"ar"},{"@type":"Organization","@id":"https:\/\/annour.ch\/#organization","name":"Centre Annour Sion- Mosqu\u00e9e Annour- Association Annour Sion","url":"https:\/\/annour.ch\/","logo":{"@type":"ImageObject","inLanguage":"ar","@id":"https:\/\/annour.ch\/#\/schema\/logo\/image\/","url":"https:\/\/annour.ch\/wp-content\/uploads\/2021\/08\/Logo-Plus.png","contentUrl":"https:\/\/annour.ch\/wp-content\/uploads\/2021\/08\/Logo-Plus.png","width":250,"height":250,"caption":"Centre Annour Sion- Mosqu\u00e9e Annour- Association Annour Sion"},"image":{"@id":"https:\/\/annour.ch\/#\/schema\/logo\/image\/"}}]}},"campaignId":"","_links":{"self":[{"href":"https:\/\/annour.ch\/ar\/wp-json\/wp\/v2\/pages\/96","targetHints":{"allow":["GET"]}}],"collection":[{"href":"https:\/\/annour.ch\/ar\/wp-json\/wp\/v2\/pages"}],"about":[{"href":"https:\/\/annour.ch\/ar\/wp-json\/wp\/v2\/types\/page"}],"author":[{"embeddable":true,"href":"https:\/\/annour.ch\/ar\/wp-json\/wp\/v2\/users\/1"}],"replies":[{"embeddable":true,"href":"https:\/\/annour.ch\/ar\/wp-json\/wp\/v2\/comments?post=96"}],"version-history":[{"count":6,"href":"https:\/\/annour.ch\/ar\/wp-json\/wp\/v2\/pages\/96\/revisions"}],"predecessor-version":[{"id":172,"href":"https:\/\/annour.ch\/ar\/wp-json\/wp\/v2\/pages\/96\/revisions\/172"}],"wp:attachment":[{"href":"https:\/\/annour.ch\/ar\/wp-json\/wp\/v2\/media?parent=96"}],"curies":[{"name":"wp","href":"https:\/\/api.w.org\/{rel}","templated":true}]}}